{"id":1173,"date":"2023-04-08T18:32:45","date_gmt":"2023-04-08T18:32:45","guid":{"rendered":"http:\/\/cardio-boxer.com\/?page_id=1173"},"modified":"2023-12-01T19:37:10","modified_gmt":"2023-12-01T19:37:10","slug":"home","status":"publish","type":"page","link":"https:\/\/cardio-tkd.es\/es\/","title":{"rendered":"Inicio"},"content":{"rendered":"<div data-elementor-type=\"wp-page\" data-elementor-id=\"1173\" class=\"elementor elementor-1173\">\n\t\t\t\t\t\t<section class=\"elementor-section elementor-top-section elementor-element elementor-element-b3c5555 elementor-section-full_width section-margin elementor-section-height-default elementor-section-height-default\" data-id=\"b3c5555\" data-element_type=\"section\" data-e-type=\"section\">\n\t\t\t\t\t\t<div class=\"elementor-container elementor-column-gap-no\">\n\t\t\t\t\t<div class=\"elementor-column elementor-col-100 elementor-top-column elementor-element elementor-element-6284ace\" data-id=\"6284ace\" data-element_type=\"column\" data-e-type=\"column\">\n\t\t\t<div class=\"elementor-widget-wrap elementor-element-populated\">\n\t\t\t\t\t\t<div class=\"elementor-element elementor-element-8232182 m-section elementor-widget elementor-widget-dsn-experience\" data-id=\"8232182\" data-element_type=\"widget\" data-e-type=\"widget\" data-widget_type=\"dsn-experience.default\">\n\t\t\t\t<div class=\"elementor-widget-container\">\n\t\t\t\t\t<section\n        class=\"intro-about\" >\n    <div class=\"container\">\n\n        <div class=\"row\">\n            <div class=\"col-lg-6\">\n                <div class=\"intro-content-text\">\n                    \n                        <h2 data-dsn-grid=\"move-section\" data-dsn-move=\"-30\" data-dsn-duration=\"100%\"\n                            data-dsn-opacity=\"1.2\" data-dsn-responsive=\"tablet\">\n                            \u00bfQu\u00e9 es <br\/> <span style=\"color: #d90026;\">Cardio TKD??<\/span>                        <\/h2>\n                    <div class=\"span-small\" data-dsn-animate=\"up\"><p>No s\u00f3lo desempe\u00f1a un papel complementario para el gimnasio en un momento en el que el entrenamiento CrossFit o las artes marciales en sentido amplio est\u00e1n ganando popularidad, sino que, ante todo, es un aparato de fitness y entrenamiento aer\u00f3bico.\n\n<br\/><br\/><span style=\"color: #ffffff;\">\nAdem\u00e1s, es un equipo ideal para actividades de quema eficiente de la grasa, es decir, entrenamiento anaer\u00f3bico por intervalos.<\/span><\/p><\/div>\n                    <div class=\"exper\">\n\n                                                                    <\/div>\n\n                <\/div>\n            <\/div>\n        <\/div>\n    <\/div>\n    <div class=\"background-mask\">\n        <div class=\"img-box h-100\">\n            <div class=\"img-cent h-100\" data-dsn-grid=\"move-up\">\n                <div class=\"img-container h-100\">\n                    <img fetchpriority=\"high\" decoding=\"async\" width=\"880\" height=\"662\" src=\"https:\/\/cardio-tkd.es\/wp-content\/uploads\/home-4-880x662.jpg\" class=\"attachment-droow-media-img size-droow-media-img\" alt=\"\" data-dsn-y=\"30%\" srcset=\"https:\/\/cardio-tkd.es\/wp-content\/uploads\/home-4-880x662.jpg 880w, https:\/\/cardio-tkd.es\/wp-content\/uploads\/home-4-300x226.jpg 300w, https:\/\/cardio-tkd.es\/wp-content\/uploads\/home-4-1024x770.jpg 1024w, https:\/\/cardio-tkd.es\/wp-content\/uploads\/home-4-768x578.jpg 768w, https:\/\/cardio-tkd.es\/wp-content\/uploads\/home-4-1240x933.jpg 1240w, https:\/\/cardio-tkd.es\/wp-content\/uploads\/home-4-400x300.jpg 400w, https:\/\/cardio-tkd.es\/wp-content\/uploads\/home-4.jpg 1280w\" sizes=\"(max-width: 880px) 100vw, 880px\" \/>                <\/div>\n            <\/div>\n        <\/div>\n    <\/div>\n<\/section>\n\n\t\t\t\t<\/div>\n\t\t\t\t<\/div>\n\t\t\t\t\t<\/div>\n\t\t<\/div>\n\t\t\t\t\t<\/div>\n\t\t<\/section>\n\t\t\t\t<section class=\"elementor-section elementor-top-section elementor-element elementor-element-7f417c7 elementor-section-full_width section-margin elementor-section-height-default elementor-section-height-default\" data-id=\"7f417c7\" data-element_type=\"section\" data-e-type=\"section\">\n\t\t\t\t\t\t<div class=\"elementor-container elementor-column-gap-no\">\n\t\t\t\t\t<div class=\"elementor-column elementor-col-100 elementor-top-column elementor-element elementor-element-7cff58c\" data-id=\"7cff58c\" data-element_type=\"column\" data-e-type=\"column\">\n\t\t\t<div class=\"elementor-widget-wrap elementor-element-populated\">\n\t\t\t\t\t\t<div class=\"elementor-element elementor-element-b67bd6a elementor-widget elementor-widget-boxvertical\" data-id=\"b67bd6a\" data-element_type=\"widget\" data-e-type=\"widget\" data-widget_type=\"boxvertical.default\">\n\t\t\t\t<div class=\"elementor-widget-container\">\n\t\t\t\t\t\n<div class=\"box-gallery-vertical section-padding\"\n     >\n    <div class=\"mask-bg\"><\/div>\n    <div class=\"container\">\n        <div class=\"row align-items-center h-100\">\n            <div class=\"col-lg-6\">\n                                    <div class=\"box-im\" data-dsn-grid=\"move-up\"\n                         data-overlay=\"0\"\n                                                >\n                        <div class=\"swiper-container h-100 container-swip-vir\">\n                            <div class=\"swiper-wrapper\">\n                                <div class=\"swiper-slide\"><img decoding=\"async\" width=\"755\" height=\"1200\" src=\"https:\/\/cardio-tkd.es\/wp-content\/uploads\/2023\/11\/tkd-www-home.jpg\" class=\"has-top-bottom image-bg\" alt=\"\" data-dsn-y=\"30%\" srcset=\"https:\/\/cardio-tkd.es\/wp-content\/uploads\/2023\/11\/tkd-www-home.jpg 755w, https:\/\/cardio-tkd.es\/wp-content\/uploads\/2023\/11\/tkd-www-home-189x300.jpg 189w, https:\/\/cardio-tkd.es\/wp-content\/uploads\/2023\/11\/tkd-www-home-644x1024.jpg 644w, https:\/\/cardio-tkd.es\/wp-content\/uploads\/2023\/11\/tkd-www-home-300x477.jpg 300w\" sizes=\"(max-width: 755px) 100vw, 755px\" \/><\/div><div class=\"swiper-slide\"><img decoding=\"async\" width=\"755\" height=\"1200\" src=\"https:\/\/cardio-tkd.es\/wp-content\/uploads\/home-v-2.jpg\" class=\"has-top-bottom image-bg\" alt=\"\" data-dsn-y=\"30%\" srcset=\"https:\/\/cardio-tkd.es\/wp-content\/uploads\/home-v-2.jpg 755w, https:\/\/cardio-tkd.es\/wp-content\/uploads\/home-v-2-189x300.jpg 189w, https:\/\/cardio-tkd.es\/wp-content\/uploads\/home-v-2-644x1024.jpg 644w, https:\/\/cardio-tkd.es\/wp-content\/uploads\/home-v-2-300x477.jpg 300w\" sizes=\"(max-width: 755px) 100vw, 755px\" \/><\/div>                            <\/div>\n                        <\/div>\n\n                    <\/div>\n                            <\/div>\n\n            <div class=\"col-lg-6\">\n                <div class=\"box-info\">\n\n                    \n                    <div class=\"vertical-title\"><h2 data-dsn-animate=\"up\" class=\"translation-block\">\u00bfC\u00f3mo es esto  <span style=\"color: #d90026\">posible?<\/span><\/h2><\/div><h6 data-dsn-animate=\"up\">Como es posible? Mediante comandos (un microordenador con inteligencia artificial que controla los marcadores LED), el dispositivo instruye al usuario y le obliga a mantener el ritmo de entrenamiento adecuado.<\/h6><p data-dsn-animate=\"up\">El ritmo se puede ajustar seleccionando uno entre los varios entrenamientos disponibles. Por ejemplo, en el modo \"Estilo libre\", la intensidad depende del usuario. Por otro lado, en desaf\u00edos como \u201cRonda de 3 minutos\u201d, el resultado obtenido nos permite entrar en la clasificaci\u00f3n entre los primeros en ranking.\n<br\/><br\/>As\u00ed como una cinta de correr, obliga al corredor a moverse al ritmo adecuado, Cardio TKD tambi\u00e9n impone la velocidad, mejorando as\u00ed la intensidad del ejercicio.<\/p>                <\/div>\n\n            <\/div>\n        <\/div>\n\n    <\/div>\n<\/div>\n\n\n\n\n\n\t\t\t\t<\/div>\n\t\t\t\t<\/div>\n\t\t\t\t\t<\/div>\n\t\t<\/div>\n\t\t\t\t\t<\/div>\n\t\t<\/section>\n\t\t\t\t<section class=\"elementor-section elementor-top-section elementor-element elementor-element-f57f7f4 elementor-section-full_width section-margin elementor-section-height-default elementor-section-height-default\" data-id=\"f57f7f4\" data-element_type=\"section\" data-e-type=\"section\">\n\t\t\t\t\t\t<div class=\"elementor-container elementor-column-gap-no\">\n\t\t\t\t\t<div class=\"elementor-column elementor-col-100 elementor-top-column elementor-element elementor-element-389149b\" data-id=\"389149b\" data-element_type=\"column\" data-e-type=\"column\">\n\t\t\t<div class=\"elementor-widget-wrap elementor-element-populated\">\n\t\t\t\t\t\t<div class=\"elementor-element elementor-element-b0474a1 text-center elementor-widget elementor-widget-parallaximagewithbox\" data-id=\"b0474a1\" data-element_type=\"widget\" data-e-type=\"widget\" data-widget_type=\"parallaximagewithbox.default\">\n\t\t\t\t<div class=\"elementor-widget-container\">\n\t\t\t\t\t\n\n    <div class=\"box-seat box-seat-bottom\" >\n        <div class=\"container-fluid\">\n\n            <div class=\"inner-img\" data-dsn-grid=\"move-up\"\n                 data-overlay=\"0\"\n                 >\n\n                <img loading=\"lazy\" decoding=\"async\" width=\"1800\" height=\"1080\" src=\"https:\/\/cardio-tkd.es\/wp-content\/uploads\/home-big-2.jpg\" class=\"attachment-full size-full\" alt=\"\" data-dsn-scale=\"1\" data-dsn-y=\"30%\" style=\"transform: scale(1.3);\" srcset=\"https:\/\/cardio-tkd.es\/wp-content\/uploads\/home-big-2.jpg 1800w, https:\/\/cardio-tkd.es\/wp-content\/uploads\/home-big-2-300x180.jpg 300w, https:\/\/cardio-tkd.es\/wp-content\/uploads\/home-big-2-1024x614.jpg 1024w, https:\/\/cardio-tkd.es\/wp-content\/uploads\/home-big-2-768x461.jpg 768w, https:\/\/cardio-tkd.es\/wp-content\/uploads\/home-big-2-1536x922.jpg 1536w, https:\/\/cardio-tkd.es\/wp-content\/uploads\/home-big-2-1240x744.jpg 1240w, https:\/\/cardio-tkd.es\/wp-content\/uploads\/home-big-2-880x528.jpg 880w\" sizes=\"(max-width: 1800px) 100vw, 1800px\" \/>            <\/div>\n\n            <div class=\"pro-text\" >\n                                    <div class=\"title-cover\" data-dsn-grid=\"move-section\" data-dsn-opacity=\"0.1\"\n                         data-dsn-duration=\"170%\" data-dsn-move=\"0%\">\n                        ES SIMPLE                    <\/div>\n                                <h3 data-dsn-animate=\"up\">Simplemente elige <span style=\"color: #d90026;\">el tipo de entrenamiento<\/span><\/h3><p class=\"span-small\" data-dsn-animate=\"up\">Los dispositivos TKD Master tradicionales requer\u00edan que las personas iniciaran el entrenamiento por s\u00ed mismas o con la ayuda de un entrenador. En el caso de Cardio TKD, el dispositivo realiza un entrenamiento preprogramado, obligando al usuario a realizar las acciones y movimientos requeridos.\n\n<\/p>            <\/div>\n        <\/div>\n    <\/div>\n\n\n\t\t\t\t<\/div>\n\t\t\t\t<\/div>\n\t\t\t\t\t<\/div>\n\t\t<\/div>\n\t\t\t\t\t<\/div>\n\t\t<\/section>\n\t\t\t\t<\/div>","protected":false},"excerpt":{"rendered":"<p>What is Cardio TKD?? Not only does it play a supplementary role for the gym at a time when CrossFit training or broadly understood martial arts are gaining popularity but primarily it is fitness and aerobic training equipment. Moreover, it is an ideal piece of equipment for fat burning activities, i.e. interval anaerobic training. How [&hellip;]<\/p>\n","protected":false},"author":1,"featured_media":1600,"parent":0,"menu_order":0,"comment_status":"closed","ping_status":"closed","template":"elementor_theme","meta":{"footnotes":""},"class_list":["post-1173","page","type-page","status-publish","has-post-thumbnail","hentry","dsn-layout-post"],"acf":[],"_links":{"self":[{"href":"https:\/\/cardio-tkd.es\/es\/wp-json\/wp\/v2\/pages\/1173","targetHints":{"allow":["GET"]}}],"collection":[{"href":"https:\/\/cardio-tkd.es\/es\/wp-json\/wp\/v2\/pages"}],"about":[{"href":"https:\/\/cardio-tkd.es\/es\/wp-json\/wp\/v2\/types\/page"}],"author":[{"embeddable":true,"href":"https:\/\/cardio-tkd.es\/es\/wp-json\/wp\/v2\/users\/1"}],"replies":[{"embeddable":true,"href":"https:\/\/cardio-tkd.es\/es\/wp-json\/wp\/v2\/comments?post=1173"}],"version-history":[{"count":101,"href":"https:\/\/cardio-tkd.es\/es\/wp-json\/wp\/v2\/pages\/1173\/revisions"}],"predecessor-version":[{"id":2118,"href":"https:\/\/cardio-tkd.es\/es\/wp-json\/wp\/v2\/pages\/1173\/revisions\/2118"}],"wp:featuredmedia":[{"embeddable":true,"href":"https:\/\/cardio-tkd.es\/es\/wp-json\/wp\/v2\/media\/1600"}],"wp:attachment":[{"href":"https:\/\/cardio-tkd.es\/es\/wp-json\/wp\/v2\/media?parent=1173"}],"curies":[{"name":"wp","href":"https:\/\/api.w.org\/{rel}","templated":true}]}}