{"id":1272,"date":"2023-04-08T22:50:04","date_gmt":"2023-04-08T22:50:04","guid":{"rendered":"http:\/\/cardio-boxer.com\/?page_id=1272"},"modified":"2023-12-01T19:22:53","modified_gmt":"2023-12-01T19:22:53","slug":"certification","status":"publish","type":"page","link":"https:\/\/cardio-tkd.es\/es\/certification\/","title":{"rendered":"Certificaci\u00f3n"},"content":{"rendered":"<div data-elementor-type=\"wp-page\" data-elementor-id=\"1272\" class=\"elementor elementor-1272\">\n\t\t\t\t\t\t<section class=\"elementor-section elementor-top-section elementor-element elementor-element-d50e375 elementor-section-full_width mb-section elementor-section-height-default elementor-section-height-default\" data-id=\"d50e375\" data-element_type=\"section\" data-e-type=\"section\">\n\t\t\t\t\t\t<div class=\"elementor-container elementor-column-gap-no\">\n\t\t\t\t\t<div class=\"elementor-column elementor-col-100 elementor-top-column elementor-element elementor-element-c5749ad\" data-id=\"c5749ad\" data-element_type=\"column\" data-e-type=\"column\">\n\t\t\t<div class=\"elementor-widget-wrap elementor-element-populated\">\n\t\t\t\t\t\t<div class=\"elementor-element elementor-element-be2d7c3 certyfikat elementor-hidden-mobile elementor-widget elementor-widget-parallaximagewithbox\" data-id=\"be2d7c3\" data-element_type=\"widget\" data-e-type=\"widget\" data-widget_type=\"parallaximagewithbox.default\">\n\t\t\t\t<div class=\"elementor-widget-container\">\n\t\t\t\t\t\n\n    <div class=\"box-seat\" >\n        <div class=\"container-fluid\">\n\n            <div class=\"inner-img\" data-dsn-grid=\"move-up\"\n                 data-overlay=\"0\"\n                 >\n\n                <img fetchpriority=\"high\" decoding=\"async\" width=\"1880\" height=\"1255\" src=\"https:\/\/cardio-tkd.es\/wp-content\/uploads\/certyfikat-2.jpg\" class=\"attachment-full size-full\" alt=\"\" data-dsn-scale=\"1\" data-dsn-y=\"30%\" style=\"transform: scale(1.3);\" srcset=\"https:\/\/cardio-tkd.es\/wp-content\/uploads\/certyfikat-2.jpg 1880w, https:\/\/cardio-tkd.es\/wp-content\/uploads\/certyfikat-2-300x200.jpg 300w, https:\/\/cardio-tkd.es\/wp-content\/uploads\/certyfikat-2-1024x684.jpg 1024w, https:\/\/cardio-tkd.es\/wp-content\/uploads\/certyfikat-2-768x513.jpg 768w, https:\/\/cardio-tkd.es\/wp-content\/uploads\/certyfikat-2-1536x1025.jpg 1536w, https:\/\/cardio-tkd.es\/wp-content\/uploads\/certyfikat-2-1240x828.jpg 1240w, https:\/\/cardio-tkd.es\/wp-content\/uploads\/certyfikat-2-880x587.jpg 880w\" sizes=\"(max-width: 1880px) 100vw, 1880px\" \/>            <\/div>\n\n            <div class=\"pro-text\" data-dsn-grid=\"move-section\">\n                                <h3 data-dsn-animate=\"up\">El dispositivo cuenta con Certificaci\u00f3n CE con la certificaci\u00f3n de TUV NORD de seguridad y alta calidad de los siguientes est\u00e1ndares:<\/h3><p class=\"span-small\" data-dsn-animate=\"up\">\u2022 PN-EN 20957-1:2014-02 <br>\n\u2022 PN-EN 60335-1<\/p>            <\/div>\n        <\/div>\n    <\/div>\n\n\n\t\t\t\t<\/div>\n\t\t\t\t<\/div>\n\t\t\t\t<div class=\"elementor-element elementor-element-31a8ff6 certyfikat elementor-hidden-desktop elementor-hidden-tablet elementor-widget elementor-widget-parallaximagewithbox\" data-id=\"31a8ff6\" data-element_type=\"widget\" data-e-type=\"widget\" data-widget_type=\"parallaximagewithbox.default\">\n\t\t\t\t<div class=\"elementor-widget-container\">\n\t\t\t\t\t\n\n    <div class=\"box-seat\" >\n        <div class=\"container-fluid\">\n\n            <div class=\"inner-img\" data-dsn-grid=\"move-up\"\n                 data-overlay=\"0\"\n                 >\n\n                <img decoding=\"async\" width=\"1200\" height=\"801\" src=\"https:\/\/cardio-tkd.es\/wp-content\/uploads\/certyfikat-mobile.jpg\" class=\"attachment-full size-full\" alt=\"\" data-dsn-scale=\"1\" data-dsn-y=\"30%\" style=\"transform: scale(1.3);\" srcset=\"https:\/\/cardio-tkd.es\/wp-content\/uploads\/certyfikat-mobile.jpg 1200w, https:\/\/cardio-tkd.es\/wp-content\/uploads\/certyfikat-mobile-300x200.jpg 300w, https:\/\/cardio-tkd.es\/wp-content\/uploads\/certyfikat-mobile-1024x684.jpg 1024w, https:\/\/cardio-tkd.es\/wp-content\/uploads\/certyfikat-mobile-768x513.jpg 768w, https:\/\/cardio-tkd.es\/wp-content\/uploads\/certyfikat-mobile-880x587.jpg 880w\" sizes=\"(max-width: 1200px) 100vw, 1200px\" \/>            <\/div>\n\n            <div class=\"pro-text\" data-dsn-grid=\"move-section\">\n                                <h3 data-dsn-animate=\"up\">El dispositivo cuenta con Certificaci\u00f3n CE y certificaci\u00f3n TUV NORD Institute en los siguientes est\u00e1ndares:<\/h3><p class=\"span-small\" data-dsn-animate=\"up\">\u2022 PN-EN 20957-1:2014-02 <br>\n\u2022 PN-EN 60335-1<\/p>            <\/div>\n        <\/div>\n    <\/div>\n\n\n\t\t\t\t<\/div>\n\t\t\t\t<\/div>\n\t\t\t\t\t<\/div>\n\t\t<\/div>\n\t\t\t\t\t<\/div>\n\t\t<\/section>\n\t\t\t\t<\/div>","protected":false},"excerpt":{"rendered":"<p>The device has a CE Certification and TUV NORD Institute certification in the following standards: \u2022 PN-EN 20957-1:2014-02 \u2022 PN-EN 60335-1 El dispositivo cuenta con Certificaci\u00f3n CE y certificaci\u00f3n TUV NORD Institute en los siguientes est\u00e1ndares: \u2022 PN-EN 20957-1:2014-02 \u2022 PN-EN 60335-1<\/p>","protected":false},"author":1,"featured_media":0,"parent":0,"menu_order":0,"comment_status":"closed","ping_status":"closed","template":"","meta":{"footnotes":""},"class_list":["post-1272","page","type-page","status-publish","hentry","dsn-layout-normal"],"acf":[],"_links":{"self":[{"href":"https:\/\/cardio-tkd.es\/es\/wp-json\/wp\/v2\/pages\/1272","targetHints":{"allow":["GET"]}}],"collection":[{"href":"https:\/\/cardio-tkd.es\/es\/wp-json\/wp\/v2\/pages"}],"about":[{"href":"https:\/\/cardio-tkd.es\/es\/wp-json\/wp\/v2\/types\/page"}],"author":[{"embeddable":true,"href":"https:\/\/cardio-tkd.es\/es\/wp-json\/wp\/v2\/users\/1"}],"replies":[{"embeddable":true,"href":"https:\/\/cardio-tkd.es\/es\/wp-json\/wp\/v2\/comments?post=1272"}],"version-history":[{"count":42,"href":"https:\/\/cardio-tkd.es\/es\/wp-json\/wp\/v2\/pages\/1272\/revisions"}],"predecessor-version":[{"id":2114,"href":"https:\/\/cardio-tkd.es\/es\/wp-json\/wp\/v2\/pages\/1272\/revisions\/2114"}],"wp:attachment":[{"href":"https:\/\/cardio-tkd.es\/es\/wp-json\/wp\/v2\/media?parent=1272"}],"curies":[{"name":"wp","href":"https:\/\/api.w.org\/{rel}","templated":true}]}}