{"id":1322,"date":"2023-04-09T00:11:02","date_gmt":"2023-04-09T00:11:02","guid":{"rendered":"http:\/\/cardio-boxer.com\/?page_id=1322"},"modified":"2023-12-01T20:22:25","modified_gmt":"2023-12-01T20:22:25","slug":"about-us","status":"publish","type":"page","link":"https:\/\/cardio-tkd.es\/es\/about-us\/","title":{"rendered":"Sobre nosotros"},"content":{"rendered":"<div data-elementor-type=\"wp-page\" data-elementor-id=\"1322\" class=\"elementor elementor-1322\">\n\t\t\t\t\t\t<section class=\"elementor-section elementor-top-section elementor-element elementor-element-f57f7f4 elementor-section-full_width section-margin elementor-section-height-default elementor-section-height-default\" data-id=\"f57f7f4\" data-element_type=\"section\" data-e-type=\"section\">\n\t\t\t\t\t\t<div class=\"elementor-container elementor-column-gap-no\">\n\t\t\t\t\t<div class=\"elementor-column elementor-col-100 elementor-top-column elementor-element elementor-element-389149b\" data-id=\"389149b\" data-element_type=\"column\" data-e-type=\"column\">\n\t\t\t<div class=\"elementor-widget-wrap elementor-element-populated\">\n\t\t\t\t\t\t<div class=\"elementor-element elementor-element-b0474a1 text-center elementor-widget elementor-widget-parallaximagewithbox\" data-id=\"b0474a1\" data-element_type=\"widget\" data-e-type=\"widget\" data-widget_type=\"parallaximagewithbox.default\">\n\t\t\t\t<div class=\"elementor-widget-container\">\n\t\t\t\t\t\n\n    <div class=\"box-seat box-seat-bottom\" >\n        <div class=\"container-fluid\">\n\n            <div class=\"inner-img\" data-dsn-grid=\"move-up\"\n                 data-overlay=\"0\"\n                 >\n\n                <img fetchpriority=\"high\" decoding=\"async\" width=\"2560\" height=\"1342\" src=\"https:\/\/cardio-tkd.es\/wp-content\/uploads\/final-scaled.jpeg\" class=\"attachment-full size-full\" alt=\"\" data-dsn-scale=\"1\" data-dsn-y=\"30%\" style=\"transform: scale(1.3);\" srcset=\"https:\/\/cardio-tkd.es\/wp-content\/uploads\/final-scaled.jpeg 2560w, https:\/\/cardio-tkd.es\/wp-content\/uploads\/final-300x157.jpeg 300w, https:\/\/cardio-tkd.es\/wp-content\/uploads\/final-1024x537.jpeg 1024w, https:\/\/cardio-tkd.es\/wp-content\/uploads\/final-768x403.jpeg 768w, https:\/\/cardio-tkd.es\/wp-content\/uploads\/final-1536x805.jpeg 1536w, https:\/\/cardio-tkd.es\/wp-content\/uploads\/final-2048x1074.jpeg 2048w, https:\/\/cardio-tkd.es\/wp-content\/uploads\/final-18x9.jpeg 18w, https:\/\/cardio-tkd.es\/wp-content\/uploads\/final-1240x650.jpeg 1240w, https:\/\/cardio-tkd.es\/wp-content\/uploads\/final-880x461.jpeg 880w\" sizes=\"(max-width: 2560px) 100vw, 2560px\" \/>            <\/div>\n\n            <div class=\"pro-text\" >\n                                    <div class=\"title-cover\" data-dsn-grid=\"move-section\" data-dsn-opacity=\"0.1\"\n                         data-dsn-duration=\"170%\" data-dsn-move=\"0%\">\n                        NOSOTROS                    <\/div>\n                                <h3 data-dsn-animate=\"up\">En mercado  <span style=\"color: #d90026;\"> desde 2006 <\/span><\/h3><p class=\"span-small\" data-dsn-animate=\"up\">Nos dedicamos a equipos para la industria del fitness ampliamente atendida, uno de nuestros dispositivos se ha vuelto tan popular entre usuarios de MMA y otras artes marciales que hemos decidido hacer la versi\u00f3n para gimnasios.<br><br>Bajo la atenta mirada de amplios profesionales tanto de MMA como de otras artes marciales, se cre\u00f3 cardio TKD, que adem\u00e1s de ser un equipo b\u00e1sico para el entrenamiento de las artes marciales; ejemplo: Maestro internacional y numerario de Taekwondo JL Municio, se ha convertido en una forma inestimable de calentar la parte superior del cuerpo y un m\u00e9todo para el entrenamiento interv\u00e1lico m\u00e1s duro y eficaz.<\/p>            <\/div>\n        <\/div>\n    <\/div>\n\n\n\t\t\t\t<\/div>\n\t\t\t\t<\/div>\n\t\t\t\t\t<\/div>\n\t\t<\/div>\n\t\t\t\t\t<\/div>\n\t\t<\/section>\n\t\t\t\t<section class=\"elementor-section elementor-top-section elementor-element elementor-element-7f417c7 elementor-section-full_width section-margin elementor-section-height-default elementor-section-height-default\" data-id=\"7f417c7\" data-element_type=\"section\" data-e-type=\"section\">\n\t\t\t\t\t\t<div class=\"elementor-container elementor-column-gap-no\">\n\t\t\t\t\t<div class=\"elementor-column elementor-col-100 elementor-top-column elementor-element elementor-element-7cff58c\" data-id=\"7cff58c\" data-element_type=\"column\" data-e-type=\"column\">\n\t\t\t<div class=\"elementor-widget-wrap elementor-element-populated\">\n\t\t\t\t\t\t<div class=\"elementor-element elementor-element-b67bd6a elementor-widget elementor-widget-boxvertical\" data-id=\"b67bd6a\" data-element_type=\"widget\" data-e-type=\"widget\" data-widget_type=\"boxvertical.default\">\n\t\t\t\t<div class=\"elementor-widget-container\">\n\t\t\t\t\t\n<div class=\"box-gallery-vertical section-padding\"\n     >\n    <div class=\"mask-bg\"><\/div>\n    <div class=\"container\">\n        <div class=\"row align-items-center h-100\">\n            <div class=\"col-lg-6\">\n                                    <div class=\"box-im\" data-dsn-grid=\"move-up\"\n                         data-overlay=\"0\"\n                                                >\n                        <div class=\"swiper-container h-100 container-swip-vir\">\n                            <div class=\"swiper-wrapper\">\n                                <div class=\"swiper-slide\"><img decoding=\"async\" width=\"755\" height=\"1200\" src=\"https:\/\/cardio-tkd.es\/wp-content\/uploads\/tkd-www-home.jpg\" class=\"has-top-bottom image-bg\" alt=\"\" data-dsn-y=\"30%\" srcset=\"https:\/\/cardio-tkd.es\/wp-content\/uploads\/tkd-www-home.jpg 755w, https:\/\/cardio-tkd.es\/wp-content\/uploads\/tkd-www-home-189x300.jpg 189w, https:\/\/cardio-tkd.es\/wp-content\/uploads\/tkd-www-home-644x1024.jpg 644w, https:\/\/cardio-tkd.es\/wp-content\/uploads\/tkd-www-home-8x12.jpg 8w, https:\/\/cardio-tkd.es\/wp-content\/uploads\/tkd-www-home-300x477.jpg 300w\" sizes=\"(max-width: 755px) 100vw, 755px\" \/><\/div><div class=\"swiper-slide\"><img decoding=\"async\" width=\"880\" height=\"1399\" src=\"https:\/\/cardio-tkd.es\/wp-content\/uploads\/fondo-microchip-inteligencia-artificial-creado-ia-generativa_1002229-3702-transformed-880x1399.jpeg\" class=\"has-top-bottom image-bg\" alt=\"\" data-dsn-y=\"30%\" \/><\/div>                            <\/div>\n                        <\/div>\n\n                    <\/div>\n                            <\/div>\n\n            <div class=\"col-lg-6\">\n                <div class=\"box-info\">\n\n                                            <div class=\"title-cover\" data-dsn-grid=\"move-section\" data-dsn-opacity=\"0.1\"\n                             data-dsn-duration=\"170%\" data-dsn-move=\"0%\">\n                                                     <\/div>\n                    \n                    <div class=\"vertical-title\"><h2 data-dsn-animate=\"up\">Popularidad <span style=\"color: #d90026;\"> y a\u00f1os de experiencia <\/span><\/h2><\/div><p data-dsn-animate=\"up\">Nuestros m\u00e1s de 30 a\u00f1os de experiencia en artes marciales nos permiti\u00f3 desarrollar nuestra m\u00e1quina Cardio TKD y adaptarlo a necesidades tanto de principiantes como profesionales, a trav\u00e9s de la experiencia y el conocimiento hemos creado un software intuitivo conectado a internet basado en inteligencia artificial que analizan combates profesionales y realistas para introducir distintos modos de combinaci\u00f3n. \u00a1Ven y pru\u00e9balo tu mismo!<\/p>                <\/div>\n\n            <\/div>\n        <\/div>\n\n    <\/div>\n<\/div>\n\n\n\n\n\n\t\t\t\t<\/div>\n\t\t\t\t<\/div>\n\t\t\t\t\t<\/div>\n\t\t<\/div>\n\t\t\t\t\t<\/div>\n\t\t<\/section>\n\t\t\t\t<\/div>","protected":false},"excerpt":{"rendered":"<p>ABOUT US In market since 2006 We are dedicated to equipment for the widely served fitness industry, one of our devices has become so popular with MMA users that we have decided to make the version for gyms. Under the watchful eye of extensive players of both MMA and other martial arts, TKD cardio was [&hellip;]<\/p>\n","protected":false},"author":1,"featured_media":0,"parent":0,"menu_order":0,"comment_status":"closed","ping_status":"closed","template":"elementor_theme","meta":{"footnotes":""},"class_list":["post-1322","page","type-page","status-publish","hentry","dsn-layout-normal"],"acf":[],"_links":{"self":[{"href":"https:\/\/cardio-tkd.es\/es\/wp-json\/wp\/v2\/pages\/1322","targetHints":{"allow":["GET"]}}],"collection":[{"href":"https:\/\/cardio-tkd.es\/es\/wp-json\/wp\/v2\/pages"}],"about":[{"href":"https:\/\/cardio-tkd.es\/es\/wp-json\/wp\/v2\/types\/page"}],"author":[{"embeddable":true,"href":"https:\/\/cardio-tkd.es\/es\/wp-json\/wp\/v2\/users\/1"}],"replies":[{"embeddable":true,"href":"https:\/\/cardio-tkd.es\/es\/wp-json\/wp\/v2\/comments?post=1322"}],"version-history":[{"count":61,"href":"https:\/\/cardio-tkd.es\/es\/wp-json\/wp\/v2\/pages\/1322\/revisions"}],"predecessor-version":[{"id":2124,"href":"https:\/\/cardio-tkd.es\/es\/wp-json\/wp\/v2\/pages\/1322\/revisions\/2124"}],"wp:attachment":[{"href":"https:\/\/cardio-tkd.es\/es\/wp-json\/wp\/v2\/media?parent=1322"}],"curies":[{"name":"wp","href":"https:\/\/api.w.org\/{rel}","templated":true}]}}