{"id":2179,"date":"2023-12-11T16:33:04","date_gmt":"2023-12-11T16:33:04","guid":{"rendered":"https:\/\/cardio-tkd.es\/?page_id=2179"},"modified":"2023-12-11T16:53:13","modified_gmt":"2023-12-11T16:53:13","slug":"buy","status":"publish","type":"page","link":"https:\/\/cardio-tkd.es\/es\/buy\/","title":{"rendered":"Comprar"},"content":{"rendered":"<div data-elementor-type=\"wp-page\" data-elementor-id=\"2179\" class=\"elementor elementor-2179\">\n\t\t\t\t\t\t<section class=\"elementor-section elementor-top-section elementor-element elementor-element-ba1c879 elementor-section-boxed elementor-section-height-default elementor-section-height-default\" data-id=\"ba1c879\" data-element_type=\"section\" data-e-type=\"section\">\n\t\t\t\t\t\t<div class=\"elementor-container elementor-column-gap-default\">\n\t\t\t\t\t<div class=\"elementor-column elementor-col-100 elementor-top-column elementor-element elementor-element-a448015\" data-id=\"a448015\" data-element_type=\"column\" data-e-type=\"column\">\n\t\t\t<div class=\"elementor-widget-wrap elementor-element-populated\">\n\t\t\t\t\t\t<div class=\"elementor-element elementor-element-9ea5ab9 elementor-widget elementor-widget-heading\" data-id=\"9ea5ab9\" data-element_type=\"widget\" data-e-type=\"widget\" data-widget_type=\"heading.default\">\n\t\t\t\t<div class=\"elementor-widget-container\">\n\t\t\t\t\t<h3 class=\"elementor-heading-title elementor-size-default\">\u00bfTe ha gustado Cardio-TKD?<\/h3>\t\t\t\t<\/div>\n\t\t\t\t<\/div>\n\t\t\t\t\t<\/div>\n\t\t<\/div>\n\t\t\t\t\t<\/div>\n\t\t<\/section>\n\t\t\t\t<section class=\"elementor-section elementor-top-section elementor-element elementor-element-81eff7d elementor-section-boxed elementor-section-height-default elementor-section-height-default\" data-id=\"81eff7d\" data-element_type=\"section\" data-e-type=\"section\">\n\t\t\t\t\t\t<div class=\"elementor-container elementor-column-gap-default\">\n\t\t\t\t\t<div class=\"elementor-column elementor-col-100 elementor-top-column elementor-element elementor-element-b4b4f55\" data-id=\"b4b4f55\" data-element_type=\"column\" data-e-type=\"column\">\n\t\t\t<div class=\"elementor-widget-wrap elementor-element-populated\">\n\t\t\t\t\t\t<div class=\"elementor-element elementor-element-5099d10 elementor-widget elementor-widget-text-editor\" data-id=\"5099d10\" data-element_type=\"widget\" data-e-type=\"widget\" data-widget_type=\"text-editor.default\">\n\t\t\t\t<div class=\"elementor-widget-container\">\n\t\t\t\t\t\t\t\t\tSi quieres adquirir Cardio-TKD con inteligencia artificial:\n\n<br><br>\n\n<a href=\"tel:+34 666 40 03 50\"><strong>Pulsa aqu\u00ed<\/strong><\/a> si est\u00e1s en tel\u00e9fono m\u00f3vil, si no, ll\u00e1manos al +34 666 40 03 50<\/a>\t\t\t\t\t\t\t\t<\/div>\n\t\t\t\t<\/div>\n\t\t\t\t\t<\/div>\n\t\t<\/div>\n\t\t\t\t\t<\/div>\n\t\t<\/section>\n\t\t\t\t<\/div>","protected":false},"excerpt":{"rendered":"<p>\u00bfDid you like Cardio-TKD? If you want to adquire Cardio-TKD with Artificial Inteligence: Press Here if you are in cellphone, otherwise, call us: +34 666 40 03 50<\/p>","protected":false},"author":1,"featured_media":0,"parent":0,"menu_order":0,"comment_status":"closed","ping_status":"closed","template":"","meta":{"footnotes":""},"class_list":["post-2179","page","type-page","status-publish","hentry","dsn-layout-post"],"acf":[],"_links":{"self":[{"href":"https:\/\/cardio-tkd.es\/es\/wp-json\/wp\/v2\/pages\/2179","targetHints":{"allow":["GET"]}}],"collection":[{"href":"https:\/\/cardio-tkd.es\/es\/wp-json\/wp\/v2\/pages"}],"about":[{"href":"https:\/\/cardio-tkd.es\/es\/wp-json\/wp\/v2\/types\/page"}],"author":[{"embeddable":true,"href":"https:\/\/cardio-tkd.es\/es\/wp-json\/wp\/v2\/users\/1"}],"replies":[{"embeddable":true,"href":"https:\/\/cardio-tkd.es\/es\/wp-json\/wp\/v2\/comments?post=2179"}],"version-history":[{"count":19,"href":"https:\/\/cardio-tkd.es\/es\/wp-json\/wp\/v2\/pages\/2179\/revisions"}],"predecessor-version":[{"id":2199,"href":"https:\/\/cardio-tkd.es\/es\/wp-json\/wp\/v2\/pages\/2179\/revisions\/2199"}],"wp:attachment":[{"href":"https:\/\/cardio-tkd.es\/es\/wp-json\/wp\/v2\/media?parent=2179"}],"curies":[{"name":"wp","href":"https:\/\/api.w.org\/{rel}","templated":true}]}}